{"id":6917,"date":"2020-10-16T18:27:44","date_gmt":"2020-10-16T16:27:44","guid":{"rendered":"http:\/\/les4marais.com\/?page_id=6917"},"modified":"2020-11-05T14:33:20","modified_gmt":"2020-11-05T13:33:20","slug":"salicorne","status":"publish","type":"page","link":"https:\/\/les4marais.com\/index.php\/salicorne\/","title":{"rendered":"SALICORNE"},"content":{"rendered":"\t\t<div data-elementor-type=\"wp-page\" data-elementor-id=\"6917\" class=\"elementor elementor-6917\" data-elementor-settings=\"[]\">\n\t\t\t\t\t\t<div class=\"elementor-inner\">\n\t\t\t\t\t\t\t<div class=\"elementor-section-wrap\">\n\t\t\t\t\t\t\t<section class=\"elementor-section elementor-top-section elementor-element elementor-element-2e8eabd elementor-section-boxed elementor-section-height-default elementor-section-height-default default-style\" data-id=\"2e8eabd\" data-element_type=\"section\" data-settings=\"{&quot;rt_color_sets&quot;:&quot;default-style&quot;}\">\n\t\t\t\t\t\t<div class=\"elementor-container elementor-column-gap-default\">\n\t\t\t\t\t\t\t<div class=\"elementor-row\">\n\t\t\t\t\t<div class=\"elementor-column elementor-col-66 elementor-top-column elementor-element elementor-element-1964107\" data-id=\"1964107\" data-element_type=\"column\">\n\t\t\t<div class=\"elementor-column-wrap elementor-element-populated\">\n\t\t\t\t\t\t\t<div class=\"elementor-widget-wrap\">\n\t\t\t\t\t\t<div class=\"elementor-element elementor-element-27046cf elementor-widget elementor-widget-heading\" data-id=\"27046cf\" data-element_type=\"widget\" data-widget_type=\"heading.default\">\n\t\t\t\t<div class=\"elementor-widget-container\">\n\t\t\t<h2 class=\"elementor-heading-title elementor-size-default\">SALICORNE<\/h2>\t\t<\/div>\n\t\t\t\t<\/div>\n\t\t\t\t<div class=\"elementor-element elementor-element-299f905 elementor-arrows-position-inside elementor-pagination-position-outside elementor-widget elementor-widget-image-carousel\" data-id=\"299f905\" data-element_type=\"widget\" data-settings=\"{&quot;slides_to_show&quot;:&quot;1&quot;,&quot;navigation&quot;:&quot;both&quot;,&quot;autoplay&quot;:&quot;yes&quot;,&quot;pause_on_hover&quot;:&quot;yes&quot;,&quot;pause_on_interaction&quot;:&quot;yes&quot;,&quot;autoplay_speed&quot;:5000,&quot;infinite&quot;:&quot;yes&quot;,&quot;effect&quot;:&quot;slide&quot;,&quot;speed&quot;:500}\" data-widget_type=\"image-carousel.default\">\n\t\t\t\t<div class=\"elementor-widget-container\">\n\t\t\t\t\t<div class=\"elementor-image-carousel-wrapper swiper-container\" dir=\"ltr\">\n\t\t\t<div class=\"elementor-image-carousel swiper-wrapper\">\n\t\t\t\t<div class=\"swiper-slide\"><figure class=\"swiper-slide-inner\"><img decoding=\"async\" class=\"swiper-slide-image\" src=\"https:\/\/les4marais.com\/wp-content\/uploads\/2020\/10\/Salicorne-sur-table-1024x768.jpg\" alt=\"Salicorne sur table\" \/><figcaption class=\"elementor-image-carousel-caption\">Salicorne sur table<\/figcaption><\/figure><\/div><div class=\"swiper-slide\"><figure class=\"swiper-slide-inner\"><img decoding=\"async\" class=\"swiper-slide-image\" src=\"https:\/\/les4marais.com\/wp-content\/uploads\/2020\/10\/Jeunes-pousses-de-salicorne-2-1024x768.jpg\" alt=\"Jeunes pousses de salicorne 2\" \/><figcaption class=\"elementor-image-carousel-caption\">Jeunes pousses de salicorne 2<\/figcaption><\/figure><\/div><div class=\"swiper-slide\"><figure class=\"swiper-slide-inner\"><img decoding=\"async\" class=\"swiper-slide-image\" src=\"https:\/\/les4marais.com\/wp-content\/uploads\/2020\/10\/Jeune-pousses-de-salicorne-1024x768.jpg\" alt=\"Jeune pousses de salicorne\" \/><figcaption class=\"elementor-image-carousel-caption\">Jeune pousses de salicorne<\/figcaption><\/figure><\/div>\t\t\t<\/div>\n\t\t\t\t\t\t\t\t\t\t\t\t<div class=\"swiper-pagination\"><\/div>\n\t\t\t\t\t\t\t\t\t\t\t\t\t<div class=\"elementor-swiper-button elementor-swiper-button-prev\">\n\t\t\t\t\t\t<i class=\"eicon-chevron-left\" aria-hidden=\"true\"><\/i>\n\t\t\t\t\t\t<span class=\"elementor-screen-only\">Previous<\/span>\n\t\t\t\t\t<\/div>\n\t\t\t\t\t<div class=\"elementor-swiper-button elementor-swiper-button-next\">\n\t\t\t\t\t\t<i class=\"eicon-chevron-right\" aria-hidden=\"true\"><\/i>\n\t\t\t\t\t\t<span class=\"elementor-screen-only\">Next<\/span>\n\t\t\t\t\t<\/div>\n\t\t\t\t\t\t\t\t\t<\/div>\n\t\t\t\t<\/div>\n\t\t\t\t<\/div>\n\t\t\t\t\t\t<\/div>\n\t\t\t\t\t<\/div>\n\t\t<\/div>\n\t\t\t\t<div class=\"elementor-column elementor-col-33 elementor-top-column elementor-element elementor-element-5f4ca6a\" data-id=\"5f4ca6a\" data-element_type=\"column\">\n\t\t\t<div class=\"elementor-column-wrap elementor-element-populated\">\n\t\t\t\t\t\t\t<div class=\"elementor-widget-wrap\">\n\t\t\t\t\t\t<div class=\"elementor-element elementor-element-d9003c2 elementor-widget elementor-widget-text-editor\" data-id=\"d9003c2\" data-element_type=\"widget\" data-widget_type=\"text-editor.default\">\n\t\t\t\t<div class=\"elementor-widget-container\">\n\t\t\t\t\t<div class=\"elementor-text-editor elementor-clearfix\"><p>La salicorne est une plante halophyte, c\u2019est-\u00e0-dire qu\u2019elle a la capacit\u00e9 de pousser dans des terres sal\u00e9es. Cette capacit\u00e9, relativement rare chez les v\u00e9g\u00e9taux, lui permet de se d\u00e9velopper l\u00e0 o\u00f9 d\u2019autres plantes ne s&#8217;adaptent pas. C\u2019est ainsi que l\u2019on retrouve de la salicorne aux abords des marais sal\u00e9s ou dans les fonds de marais exond\u00e9s. C\u2019est une plante \u00e0 haute valeur nutritionnelle qui m\u00e9rite d\u2019\u00eatre connue.<br \/>La salicorne se r\u00e9colte dans nos marais de mai \u00e0 septembre. Comme le maceron, elle fait partie des productions \u00ab bonus \u00bb de notre syst\u00e8me qui se d\u00e9veloppent sur le pourtour de nos bassins.<\/p><p>_______________________________________________________________<\/p><\/div>\n\t\t\t\t<\/div>\n\t\t\t\t<\/div>\n\t\t\t\t<div class=\"elementor-element elementor-element-8bb4a84 elementor-widget elementor-widget-image\" data-id=\"8bb4a84\" data-element_type=\"widget\" data-widget_type=\"image.default\">\n\t\t\t\t<div class=\"elementor-widget-container\">\n\t\t\t\t\t<div class=\"elementor-image\">\n\t\t\t\t\t\t\t\t\t\t<img loading=\"lazy\" decoding=\"async\" width=\"1024\" height=\"563\" src=\"https:\/\/les4marais.com\/wp-content\/uploads\/2020\/10\/Logo-AB-1024x563.png\" class=\"attachment-large size-large\" alt=\"\" srcset=\"https:\/\/les4marais.com\/wp-content\/uploads\/2020\/10\/Logo-AB-1024x563.png 1024w, https:\/\/les4marais.com\/wp-content\/uploads\/2020\/10\/Logo-AB-300x165.png 300w, https:\/\/les4marais.com\/wp-content\/uploads\/2020\/10\/Logo-AB-768x423.png 768w, https:\/\/les4marais.com\/wp-content\/uploads\/2020\/10\/Logo-AB-553x304.png 553w, https:\/\/les4marais.com\/wp-content\/uploads\/2020\/10\/Logo-AB-915x503.png 915w, https:\/\/les4marais.com\/wp-content\/uploads\/2020\/10\/Logo-AB-600x330.png 600w, https:\/\/les4marais.com\/wp-content\/uploads\/2020\/10\/Logo-AB-393x216.png 393w, https:\/\/les4marais.com\/wp-content\/uploads\/2020\/10\/Logo-AB-290x160.png 290w, https:\/\/les4marais.com\/wp-content\/uploads\/2020\/10\/Logo-AB.png 1107w\" sizes=\"auto, (max-width: 1024px) 100vw, 1024px\" \/>\t\t\t\t\t\t\t\t\t\t\t<\/div>\n\t\t\t\t<\/div>\n\t\t\t\t<\/div>\n\t\t\t\t\t\t<\/div>\n\t\t\t\t\t<\/div>\n\t\t<\/div>\n\t\t\t\t\t\t\t\t<\/div>\n\t\t\t\t\t<\/div>\n\t\t<\/section>\n\t\t\t\t\t\t<\/div>\n\t\t\t\t\t\t<\/div>\n\t\t\t\t\t<\/div>\n\t\t","protected":false},"excerpt":{"rendered":"<p>SALICORNE Salicorne sur table Jeunes pousses de salicorne 2 Jeune pousses de salicorne Previous Next La salicorne est une plante halophyte, c\u2019est-\u00e0-dire qu\u2019elle a la capacit\u00e9 de pousser dans des terres sal\u00e9es. Cette capacit\u00e9, relativement rare chez les v\u00e9g\u00e9taux, lui permet de se d\u00e9velopper l\u00e0 o\u00f9 d\u2019autres plantes ne s&#8217;adaptent pas. C\u2019est ainsi que l\u2019on [&hellip;]<\/p>\n","protected":false},"author":3,"featured_media":0,"parent":0,"menu_order":0,"comment_status":"closed","ping_status":"closed","template":"","meta":{"footnotes":""},"class_list":["post-6917","page","type-page","status-publish","hentry"],"_links":{"self":[{"href":"https:\/\/les4marais.com\/index.php\/wp-json\/wp\/v2\/pages\/6917","targetHints":{"allow":["GET"]}}],"collection":[{"href":"https:\/\/les4marais.com\/index.php\/wp-json\/wp\/v2\/pages"}],"about":[{"href":"https:\/\/les4marais.com\/index.php\/wp-json\/wp\/v2\/types\/page"}],"author":[{"embeddable":true,"href":"https:\/\/les4marais.com\/index.php\/wp-json\/wp\/v2\/users\/3"}],"replies":[{"embeddable":true,"href":"https:\/\/les4marais.com\/index.php\/wp-json\/wp\/v2\/comments?post=6917"}],"version-history":[{"count":4,"href":"https:\/\/les4marais.com\/index.php\/wp-json\/wp\/v2\/pages\/6917\/revisions"}],"predecessor-version":[{"id":6949,"href":"https:\/\/les4marais.com\/index.php\/wp-json\/wp\/v2\/pages\/6917\/revisions\/6949"}],"wp:attachment":[{"href":"https:\/\/les4marais.com\/index.php\/wp-json\/wp\/v2\/media?parent=6917"}],"curies":[{"name":"wp","href":"https:\/\/api.w.org\/{rel}","templated":true}]}}